{"id":105,"date":"2020-05-16T16:41:27","date_gmt":"2020-05-16T16:41:27","guid":{"rendered":"https:\/\/balcanto.ch\/DeinChor\/?page_id=105"},"modified":"2021-08-29T17:24:25","modified_gmt":"2021-08-29T16:24:25","slug":"sept-2016","status":"publish","type":"page","link":"https:\/\/balcanto.ch\/DeinChor\/sept-2016\/","title":{"rendered":"September 2016"},"content":{"rendered":"<table bgcolor=\"lightblue\">\n<tbody>\n<tr>\n<td>\n<h2 class=\"title\">Der Basler Trichter<\/h2>\n<h3>B\u00e2lcanto @ \u201cKlang Basel\u201d<\/h3>\n<p>Urauff\u00fchrung<br \/>\nPerformance im Stadtraum f\u00fcr drei Solist\/innen und Ch\u00f6re<img loading=\"lazy\" decoding=\"async\" class=\"size-full wp-image-2412 alignnone\" src=\"https:\/\/balcanto.ch\/DeinChor\/wp-content\/uploads\/2021\/08\/Basler-Trichter-2016.jpg\" alt=\"\" width=\"840\" height=\"380\" srcset=\"https:\/\/balcanto.ch\/DeinChor\/wp-content\/uploads\/2021\/08\/Basler-Trichter-2016.jpg 840w, https:\/\/balcanto.ch\/DeinChor\/wp-content\/uploads\/2021\/08\/Basler-Trichter-2016-300x136.jpg 300w, https:\/\/balcanto.ch\/DeinChor\/wp-content\/uploads\/2021\/08\/Basler-Trichter-2016-768x347.jpg 768w\" sizes=\"auto, (max-width: 840px) 100vw, 840px\" \/><\/p>\n<p class=\"hinweis\">Ein Auftragswerk des Theater Basel, im Rahmen des Musikfestivals \u00abKlangBasel\u00bb.<\/p>\n<p>Im Rahmen des Musikfestivals \u00abKlangBasel\u00bb entwickelt der insbesondere f\u00fcr seine \u00fcberraschenden Arbeiten im \u00f6ffentlichen Raum bekannte \u00f6sterreichische Komponist Georg Nussbaumer eine Komposition f\u00fcr Laiench\u00f6re, in deren Zentrum die Brunnen von Basel stehen.<br \/>\n\u00abDer Basler Trichter\u00bb begibt sich als eine Art musikalischer Strom auf die Spur des Wassers. \u00abDie Ch\u00f6re lassen einen Ton durch Basel fliessen. Wie das Wasser verzweigt sich der Ton, sinkt ab, steigt auf, vereinigt sich. Kommt ein Chor an einen Brunnen, l\u00e4sst er aus diesem Klang ein St\u00fcck aus seinem Repertoire auftauchen. Setzt sich der Chor wieder in Bewegung, versinken diese Zitate wieder in dem Klangstrom.\u00bb (Georg Nussbaumer)<\/p>\n<p>Eine musikalische Performance im Stadtraum von Basel.<br \/>\n25. September 2016<\/td>\n<\/tr>\n<\/tbody>\n<\/table>\n","protected":false},"excerpt":{"rendered":"<p>Der Basler Trichter B\u00e2lcanto @ \u201cKlang Basel\u201d Urauff\u00fchrung Performance im Stadtraum f\u00fcr drei Solist\/innen und Ch\u00f6re Ein Auftragswerk des Theater [&hellip;]<\/p>\n","protected":false},"author":1,"featured_media":2412,"parent":0,"menu_order":0,"comment_status":"closed","ping_status":"closed","template":"","meta":{"footnotes":""},"class_list":["post-105","page","type-page","status-publish","has-post-thumbnail","hentry"],"_links":{"self":[{"href":"https:\/\/balcanto.ch\/DeinChor\/wp-json\/wp\/v2\/pages\/105","targetHints":{"allow":["GET"]}}],"collection":[{"href":"https:\/\/balcanto.ch\/DeinChor\/wp-json\/wp\/v2\/pages"}],"about":[{"href":"https:\/\/balcanto.ch\/DeinChor\/wp-json\/wp\/v2\/types\/page"}],"author":[{"embeddable":true,"href":"https:\/\/balcanto.ch\/DeinChor\/wp-json\/wp\/v2\/users\/1"}],"replies":[{"embeddable":true,"href":"https:\/\/balcanto.ch\/DeinChor\/wp-json\/wp\/v2\/comments?post=105"}],"version-history":[{"count":7,"href":"https:\/\/balcanto.ch\/DeinChor\/wp-json\/wp\/v2\/pages\/105\/revisions"}],"predecessor-version":[{"id":2414,"href":"https:\/\/balcanto.ch\/DeinChor\/wp-json\/wp\/v2\/pages\/105\/revisions\/2414"}],"wp:featuredmedia":[{"embeddable":true,"href":"https:\/\/balcanto.ch\/DeinChor\/wp-json\/wp\/v2\/media\/2412"}],"wp:attachment":[{"href":"https:\/\/balcanto.ch\/DeinChor\/wp-json\/wp\/v2\/media?parent=105"}],"curies":[{"name":"wp","href":"https:\/\/api.w.org\/{rel}","templated":true}]}}