{"id":200,"date":"2020-06-16T19:00:46","date_gmt":"2020-06-16T19:00:46","guid":{"rendered":"https:\/\/balcanto.ch\/DeinChor\/?page_id=200"},"modified":"2021-08-29T17:16:47","modified_gmt":"2021-08-29T16:16:47","slug":"nov-2018","status":"publish","type":"page","link":"https:\/\/balcanto.ch\/DeinChor\/nov-2018\/","title":{"rendered":"November 2018"},"content":{"rendered":"<table bgcolor=\"lightblue\">\n<tbody>\n<tr>\n<td>\n<h1>INFINITY<\/h1>\n<div class=\"page\" title=\"Page 1\">\n<div class=\"section\">\n<div class=\"layoutArea\">\n<div class=\"column\">\n<p>Ein Chorkonzert zur Aufl\u00f6sung von Zeit und Raum<br \/>\n<img loading=\"lazy\" decoding=\"async\" class=\"size-full wp-image-377 alignnone\" src=\"https:\/\/balcanto.ch\/DeinChor\/wp-content\/uploads\/2020\/11\/Infinity.png\" alt=\"\" width=\"647\" height=\"443\" srcset=\"https:\/\/balcanto.ch\/DeinChor\/wp-content\/uploads\/2020\/11\/Infinity.png 647w, https:\/\/balcanto.ch\/DeinChor\/wp-content\/uploads\/2020\/11\/Infinity-300x205.png 300w\" sizes=\"auto, (max-width: 647px) 100vw, 647px\" \/><\/p>\n<\/div>\n<\/div>\n<\/div>\n<\/div>\n<div class=\"page\" title=\"Page 1\">\n<div class=\"section\">\n<div class=\"layoutArea\">\n<div class=\"column\">\n<p>Surreal und unvorhersehbar: Mit a cappella-Werken des 20. Jahrhunderts hebt b\u00e2lcanto die Zeit aus den Angeln. Im hellen Quadrat der Dorfkirche Kleinh\u00fcningen verweben sich Stimmen und Fl\u00fcgelsaiten zu einem kurzen Moment ohne Anfang und Ende.<\/p>\n<\/div>\n<\/div>\n<\/div>\n<\/div>\n<div>\n<div class=\"page\" title=\"Page 1\">\n<div class=\"section\">\n<div class=\"layoutArea\">\n<div class=\"column\">\n<p>b\u00e2lcanto \u00b7 Vierzig Stimmen<br \/>\nAb\u00e9lia Nordmann \u00b7 Leitung<\/p>\n<p>Freitag, 2. November 2018 \u00b7 20 Uhr<br \/>\nSamstag, 3. November 2018 \u00b7 20 Uhr<\/p>\n<\/div>\n<\/div>\n<\/div>\n<\/div>\n<\/div>\n<p><a class=\"m_8849036701175390453gmail-AP8Kec\" href=\"https:\/\/maps.google.com\/maps?hl=en&amp;q=Dorfkirche%20Kleinh%C3%BCningen%2C%20Dorfstrasse%2039%2C%204057%20Basel&amp;source=calendar\" target=\"_blank\" rel=\"noreferrer noopener\">Dorfkirche Kleinh\u00fcningen, Dorfstrasse 39, 4057 Basel<\/a>.<\/p>\n<p>&nbsp;<\/td>\n<\/tr>\n<\/tbody>\n<\/table>\n","protected":false},"excerpt":{"rendered":"<p>INFINITY Ein Chorkonzert zur Aufl\u00f6sung von Zeit und Raum Surreal und unvorhersehbar: Mit a cappella-Werken des 20. Jahrhunderts hebt b\u00e2lcanto [&hellip;]<\/p>\n","protected":false},"author":1,"featured_media":377,"parent":0,"menu_order":0,"comment_status":"closed","ping_status":"closed","template":"","meta":{"footnotes":""},"class_list":["post-200","page","type-page","status-publish","has-post-thumbnail","hentry"],"_links":{"self":[{"href":"https:\/\/balcanto.ch\/DeinChor\/wp-json\/wp\/v2\/pages\/200","targetHints":{"allow":["GET"]}}],"collection":[{"href":"https:\/\/balcanto.ch\/DeinChor\/wp-json\/wp\/v2\/pages"}],"about":[{"href":"https:\/\/balcanto.ch\/DeinChor\/wp-json\/wp\/v2\/types\/page"}],"author":[{"embeddable":true,"href":"https:\/\/balcanto.ch\/DeinChor\/wp-json\/wp\/v2\/users\/1"}],"replies":[{"embeddable":true,"href":"https:\/\/balcanto.ch\/DeinChor\/wp-json\/wp\/v2\/comments?post=200"}],"version-history":[{"count":5,"href":"https:\/\/balcanto.ch\/DeinChor\/wp-json\/wp\/v2\/pages\/200\/revisions"}],"predecessor-version":[{"id":2407,"href":"https:\/\/balcanto.ch\/DeinChor\/wp-json\/wp\/v2\/pages\/200\/revisions\/2407"}],"wp:featuredmedia":[{"embeddable":true,"href":"https:\/\/balcanto.ch\/DeinChor\/wp-json\/wp\/v2\/media\/377"}],"wp:attachment":[{"href":"https:\/\/balcanto.ch\/DeinChor\/wp-json\/wp\/v2\/media?parent=200"}],"curies":[{"name":"wp","href":"https:\/\/api.w.org\/{rel}","templated":true}]}}