{"id":2422,"date":"2021-08-31T18:25:41","date_gmt":"2021-08-31T17:25:41","guid":{"rendered":"https:\/\/balcanto.ch\/DeinChor\/?page_id=2422"},"modified":"2025-05-20T21:57:03","modified_gmt":"2025-05-20T20:57:03","slug":"chorleitung-marie-odile-vigreux","status":"publish","type":"page","link":"https:\/\/balcanto.ch\/DeinChor\/chorleitung-marie-odile-vigreux\/","title":{"rendered":"Chorleitung"},"content":{"rendered":"<h2>Marie-Odile Vigreux<\/h2>\n<p><img loading=\"lazy\" decoding=\"async\" class=\"alignleft wp-image-2713\" src=\"https:\/\/balcanto.ch\/DeinChor\/wp-content\/uploads\/2022\/07\/marie-odile_vigreux_portrait-225x300.jpg\" alt=\"\" width=\"212\" height=\"283\" srcset=\"https:\/\/balcanto.ch\/DeinChor\/wp-content\/uploads\/2022\/07\/marie-odile_vigreux_portrait-225x300.jpg 225w, https:\/\/balcanto.ch\/DeinChor\/wp-content\/uploads\/2022\/07\/marie-odile_vigreux_portrait-768x1024.jpg 768w, https:\/\/balcanto.ch\/DeinChor\/wp-content\/uploads\/2022\/07\/marie-odile_vigreux_portrait-1152x1536.jpg 1152w, https:\/\/balcanto.ch\/DeinChor\/wp-content\/uploads\/2022\/07\/marie-odile_vigreux_portrait-1536x2048.jpg 1536w, https:\/\/balcanto.ch\/DeinChor\/wp-content\/uploads\/2022\/07\/marie-odile_vigreux_portrait-scaled.jpg 1920w\" sizes=\"auto, (max-width: 212px) 100vw, 212px\" \/><\/p>\n<p>Seit Mitte 2022 dirigiert Marie-Odile Vigreux den Chor b\u00e2lcanto.<\/p>\n<p>Marie-Odile Vigreux ist in der Normandie geboren. Sie studierte Orgel an der Schola Cantorum Basel unter Jean-Claude Zehnder, Lorenzo Ghielmi und Wolfgang Zerer. Dort erhielt sie neben einem Solistendiplom einen Master in Musikp\u00e4dagogik. W\u00e4hrenddessen studierte Marie-Odile Cembalo am Conservatoire Stra\u00dfburg unter Aline Zylberajch. Sie nahm an mehreren internationalen Orgelwettbewerben in Innsbruck, Toulouse und Amsterdam teil. Marie-Odile ist als Organistin an der katholischen Kirche Binningen t\u00e4tig. In 2018 schloss sie ein Masterstudium in Chorleitung-Kirchenmusik an der Z\u00fcrcher Hochschule der K\u00fcnste bei Markus Utz und Beat Sch\u00e4fer ab. Wichtige Impulse erhielt sie \u00fcberdies von Raphael Immoos und Roswitha M\u00fcller (Gesang).<\/p>\n<p>Bis 2021 war sie Dirigentin den gemischten Chor der reformierten franz\u00f6sischen Kirche in Basel, und zurzeit leitet sie den Domchor Arlesheim (BL).<\/p>\n<p>Zus\u00e4tzlich zu ihrer T\u00e4tigkeit als Musikerin besitzt Marie-Odile einen Bachelor in Musikologie der Universit\u00e4t Paris-Sorbonne.<\/p>\n<p>&nbsp;<\/p>\n<p>&nbsp;<\/p>\n<hr \/>\n<h2>Daniela Niedhammer<\/h2>\n<p><img loading=\"lazy\" decoding=\"async\" class=\"size-medium wp-image-2220 alignleft\" src=\"http:\/\/www.balcanto.ch\/wp-content\/uploads\/2020\/02\/daniela-275x300.png\" alt=\"\" width=\"275\" height=\"300\" \/><\/p>\n<p>&nbsp;<\/p>\n<p>Daniela Niedhammer war von 2020 bis Sommer 2022 Dirigentin von b\u00e2lcanto.<\/p>\n<p>&nbsp;<\/p>\n<p>&nbsp;<\/p>\n<p>&nbsp;<\/p>\n<p>&nbsp;<\/p>\n<p>&nbsp;<\/p>\n<p>&nbsp;<\/p>\n<p>&nbsp;<\/p>\n<hr \/>\n<h2>Ab\u00e9lia Nordmann<\/h2>\n<p><img loading=\"lazy\" decoding=\"async\" style=\"margin: 3px 15px 5px 0;\" src=\"http:\/\/www.balcanto.ch\/images\/stories\/abelianordmann_medium.jpg\" alt=\"\" width=\"211\" height=\"317\" align=\"left\" border=\"0\" \/><\/p>\n<p>&nbsp;<\/p>\n<p>Ab\u00e9lia Nordmann hat den Chor von Oktober 2011 bis Ende 2019 geleitet.<\/p>\n<p>&nbsp;<\/p>\n<p>&nbsp;<\/p>\n<p>&nbsp;<\/p>\n<p>&nbsp;<\/p>\n<p>&nbsp;<\/p>\n<p>&nbsp;<\/p>\n<p>&nbsp;<\/p>\n<hr \/>\n<h2>Scott Agnew<\/h2>\n<p><img loading=\"lazy\" decoding=\"async\" style=\"margin: 3px 15px 5px 0;\" src=\"http:\/\/www.balcanto.ch\/images\/stories\/scott_agnew.jpg\" alt=\"\" width=\"211\" height=\"210\" align=\"left\" border=\"0\" \/><\/p>\n<p>&nbsp;<\/p>\n<p>Scott Agnew ist Gr\u00fcndungsmitglied von b\u00e2lcanto und hatte die Chorleitung von November 2005 bis Sommer 2011 inne.<\/p>\n","protected":false},"excerpt":{"rendered":"<p>Marie-Odile Vigreux Seit Mitte 2022 dirigiert Marie-Odile Vigreux den Chor b\u00e2lcanto. Marie-Odile Vigreux ist in der Normandie geboren. Sie studierte [&hellip;]<\/p>\n","protected":false},"author":1,"featured_media":3397,"parent":0,"menu_order":0,"comment_status":"closed","ping_status":"closed","template":"","meta":{"footnotes":""},"class_list":["post-2422","page","type-page","status-publish","has-post-thumbnail","hentry"],"_links":{"self":[{"href":"https:\/\/balcanto.ch\/DeinChor\/wp-json\/wp\/v2\/pages\/2422","targetHints":{"allow":["GET"]}}],"collection":[{"href":"https:\/\/balcanto.ch\/DeinChor\/wp-json\/wp\/v2\/pages"}],"about":[{"href":"https:\/\/balcanto.ch\/DeinChor\/wp-json\/wp\/v2\/types\/page"}],"author":[{"embeddable":true,"href":"https:\/\/balcanto.ch\/DeinChor\/wp-json\/wp\/v2\/users\/1"}],"replies":[{"embeddable":true,"href":"https:\/\/balcanto.ch\/DeinChor\/wp-json\/wp\/v2\/comments?post=2422"}],"version-history":[{"count":16,"href":"https:\/\/balcanto.ch\/DeinChor\/wp-json\/wp\/v2\/pages\/2422\/revisions"}],"predecessor-version":[{"id":2465,"href":"https:\/\/balcanto.ch\/DeinChor\/wp-json\/wp\/v2\/pages\/2422\/revisions\/2465"}],"wp:featuredmedia":[{"embeddable":true,"href":"https:\/\/balcanto.ch\/DeinChor\/wp-json\/wp\/v2\/media\/3397"}],"wp:attachment":[{"href":"https:\/\/balcanto.ch\/DeinChor\/wp-json\/wp\/v2\/media?parent=2422"}],"curies":[{"name":"wp","href":"https:\/\/api.w.org\/{rel}","templated":true}]}}