{"id":247,"date":"2020-07-01T18:25:21","date_gmt":"2020-07-01T18:25:21","guid":{"rendered":"https:\/\/balcanto.ch\/DeinChor\/?page_id=247"},"modified":"2025-05-25T16:44:56","modified_gmt":"2025-05-25T15:44:56","slug":"introduction-page","status":"publish","type":"page","link":"https:\/\/balcanto.ch\/DeinChor\/introduction-page\/","title":{"rendered":"Willkommen!"},"content":{"rendered":"<table bgcolor=\"lightgray\">\n<tbody>\n<tr>\n<td><strong>Wer ist b\u00e2lcanto<\/strong><\/p>\n<p>Der Chor b\u00e2lcanto ist ein gemischter Laienchor. Er wurde am 14. November 2005 gegr\u00fcndet, zurzeit z\u00e4hlt er 30 Mitglieder. Der Name <em>b\u00e2lcanto<\/em> vereint den franz\u00f6sischen Namen der Stadt Basel (B\u00e2le) mit dem italienischen Wort f\u00fcr Gesang (canto). Diese pr\u00e4gnante Wortkombination beinhaltet die T\u00e4tigkeit, definiert die geographische Lage des Chors und kreiert eine gewollte Verwandtschaft zum Wort bel canto (Italienisch: beautiful singing).<\/p>\n<p>Zum Repertoire des Chores geh\u00f6ren alle Stilrichtungen, von Renaissance bis modern, wobei im Zentrum meist der anspruchsvolle mehrstimmige \u00e0 capella Gesang steht.<\/p>\n<p>Der Chor stand bis Sommer 2011 unter der Leitung des Gr\u00fcndungsmitglieds Scott Agnew. Im Herbst 2011 bis Ende 2019 war die Chorleitung in den H\u00e4nden von Ab\u00e9lia Nordmann. Von 2020 bis Juli 2022 leitete Daniela Niedhammer den Chor. Seit Sommer 2022 ist <a href=\"https:\/\/www.marieodilevigreux.org\/\" target=\"_blank\" rel=\"noopener\">Marie-Odile Vigreux<\/a> die Chorleiterin von b\u00e2lcanto.<\/p>\n<p>&nbsp;<\/p>\n<p><strong><br \/>\nWir nehmen gerne noch S\u00e4nger*innen in unsere Reihen auf!<\/strong><br \/>\nDu singst leidenschaftlich gerne und m\u00f6chtest in einem Chor mitsingen?<\/p>\n<p><img loading=\"lazy\" decoding=\"async\" class=\"alignnone wp-image-2891 \" src=\"https:\/\/balcanto.ch\/DeinChor\/wp-content\/uploads\/2023\/03\/IMG_2202-Kopie-300x200.jpg\" alt=\"\" width=\"676\" height=\"450\" srcset=\"https:\/\/balcanto.ch\/DeinChor\/wp-content\/uploads\/2023\/03\/IMG_2202-Kopie-300x200.jpg 300w, https:\/\/balcanto.ch\/DeinChor\/wp-content\/uploads\/2023\/03\/IMG_2202-Kopie-1024x683.jpg 1024w, https:\/\/balcanto.ch\/DeinChor\/wp-content\/uploads\/2023\/03\/IMG_2202-Kopie-768x512.jpg 768w, https:\/\/balcanto.ch\/DeinChor\/wp-content\/uploads\/2023\/03\/IMG_2202-Kopie-1536x1024.jpg 1536w, https:\/\/balcanto.ch\/DeinChor\/wp-content\/uploads\/2023\/03\/IMG_2202-Kopie-2048x1365.jpg 2048w\" sizes=\"auto, (max-width: 676px) 100vw, 676px\" \/><\/p>\n<p>Dann <strong><a href=\"https:\/\/docs.google.com\/forms\/d\/e\/1FAIpQLSfgPpvErzAjby7QdCfGSXY_vt4EORDtXIFYFpJNTDCfUbmRBg\/viewform\" target=\"_blank\" rel=\"noopener\"> <u>melde Dich bei uns<\/u><\/a><\/strong> (oder schreibe uns eine Mail an <a href=\"mailto:info@balcanto.ch\" target=\"_blank\" rel=\"noopener\">info@balcanto.ch<\/a>). Wir proben immer am Montag von 19:15 &#8211; 21:15 Uhr in der Aula des Pestalozzischulhauses (St. Johanns-Platz 9, 4056 Basel).<\/p>\n<p><strong>\u00a0<\/strong><\/p>\n<p><strong>Proben<\/strong><\/p>\n<ul>\n<li>Wann: Montag 19:15 \u2013 21:15 Uhr<\/li>\n<li>Adresse: Pestalozzischulhaus, <a href=\"https:\/\/www.google.com\/maps\/place\/St.+Johanns-Platz+9,+4056+Basel\/@47.5658341,7.5786987,17z\/data=!3m1!4b1!4m6!3m5!1s0x4791b909da878833:0xd0a3a3566e31bb!8m2!3d47.5658305!4d7.581279!16s%2Fg%2F11dzpnv0k9?entry=ttu&amp;g_ep=EgoyMDI0MTAwMi4xIKXMDSoASAFQAw%3D%3D\" target=\"_blank\" rel=\"noopener\">St. Johanns-Platz 9, 4056 Basel<\/a><\/li>\n<li>Proben werden ganzj\u00e4hrig durchgef\u00fchrt ausgenommen Feiertage, Sommer- und Herbstferien<\/li>\n<li>W\u00f6chentliche Proben mit integrierter Stimmbildung<\/li>\n<li>Intensive Probenwochenenden einmal pro Semester<\/li>\n<\/ul>\n<p><strong>Spenden<\/strong><\/p>\n<p>F\u00fcr deine wertvolle Unterst\u00fctzung sind wir jederzeit dankbar:<\/p>\n<ul>\n<li>IBAN:\u00a0CH27 0900 0000 6062 8254 3<\/li>\n<\/ul>\n<p><img loading=\"lazy\" decoding=\"async\" class=\"aligncenter wp-image-2940 size-large\" src=\"https:\/\/balcanto.ch\/DeinChor\/wp-content\/uploads\/2023\/03\/QR-Code-und-TWINT-Balcanto-1024x552.jpg\" alt=\"\" width=\"819\" height=\"441\" srcset=\"https:\/\/balcanto.ch\/DeinChor\/wp-content\/uploads\/2023\/03\/QR-Code-und-TWINT-Balcanto-1024x552.jpg 1024w, https:\/\/balcanto.ch\/DeinChor\/wp-content\/uploads\/2023\/03\/QR-Code-und-TWINT-Balcanto-300x162.jpg 300w, https:\/\/balcanto.ch\/DeinChor\/wp-content\/uploads\/2023\/03\/QR-Code-und-TWINT-Balcanto-768x414.jpg 768w, https:\/\/balcanto.ch\/DeinChor\/wp-content\/uploads\/2023\/03\/QR-Code-und-TWINT-Balcanto-1536x829.jpg 1536w, https:\/\/balcanto.ch\/DeinChor\/wp-content\/uploads\/2023\/03\/QR-Code-und-TWINT-Balcanto-2048x1105.jpg 2048w\" sizes=\"auto, (max-width: 819px) 100vw, 819px\" \/><\/td>\n<\/tr>\n<\/tbody>\n<\/table>\n","protected":false},"excerpt":{"rendered":"<p>Wer ist b\u00e2lcanto Der Chor b\u00e2lcanto ist ein gemischter Laienchor. Er wurde am 14. November 2005 gegr\u00fcndet, zurzeit z\u00e4hlt er [&hellip;]<\/p>\n","protected":false},"author":1,"featured_media":2889,"parent":0,"menu_order":0,"comment_status":"closed","ping_status":"closed","template":"","meta":{"footnotes":""},"class_list":["post-247","page","type-page","status-publish","has-post-thumbnail","hentry"],"_links":{"self":[{"href":"https:\/\/balcanto.ch\/DeinChor\/wp-json\/wp\/v2\/pages\/247","targetHints":{"allow":["GET"]}}],"collection":[{"href":"https:\/\/balcanto.ch\/DeinChor\/wp-json\/wp\/v2\/pages"}],"about":[{"href":"https:\/\/balcanto.ch\/DeinChor\/wp-json\/wp\/v2\/types\/page"}],"author":[{"embeddable":true,"href":"https:\/\/balcanto.ch\/DeinChor\/wp-json\/wp\/v2\/users\/1"}],"replies":[{"embeddable":true,"href":"https:\/\/balcanto.ch\/DeinChor\/wp-json\/wp\/v2\/comments?post=247"}],"version-history":[{"count":33,"href":"https:\/\/balcanto.ch\/DeinChor\/wp-json\/wp\/v2\/pages\/247\/revisions"}],"predecessor-version":[{"id":3403,"href":"https:\/\/balcanto.ch\/DeinChor\/wp-json\/wp\/v2\/pages\/247\/revisions\/3403"}],"wp:featuredmedia":[{"embeddable":true,"href":"https:\/\/balcanto.ch\/DeinChor\/wp-json\/wp\/v2\/media\/2889"}],"wp:attachment":[{"href":"https:\/\/balcanto.ch\/DeinChor\/wp-json\/wp\/v2\/media?parent=247"}],"curies":[{"name":"wp","href":"https:\/\/api.w.org\/{rel}","templated":true}]}}